{"id":1714,"date":"2015-09-21T02:38:57","date_gmt":"2015-09-21T02:38:57","guid":{"rendered":"http:\/\/www.niagarawater.com\/es\/terms-of-use\/"},"modified":"2016-04-07T22:57:22","modified_gmt":"2016-04-07T22:57:22","slug":"terms-of-use","status":"publish","type":"page","link":"https:\/\/www.niagarawater.com\/es\/terms-of-use\/","title":{"rendered":"T\u00e9rminos De Uso"},"content":{"rendered":"","protected":false},"excerpt":{"rendered":"<p>AL USAR O ACCEDER A ESTE SITIO, USTED ACEPTA LOS SIGUIENTES \u201cT\u00c9RMINOS DE USO.\u201d<br \/>\nSu acceso y utilizaci\u00f3n de www.niagarawater.com, incluyendo el contenido, los servicios y\/o el software provisto aqu\u00ed (colectivamente el \u201cSitio\u201d) est\u00e1n sujetos a los siguientes T\u00e9rminos de uso y a todas las leyes y reglamentos correspondientes. Si usted no est\u00e1 de acuerdo y acepta, sin limitaci\u00f3n o calificaci\u00f3n, estos T\u00e9rminos de uso, se le requiere salir del Sitio inmediatamente.<\/p>\n<span class=\"read-more\"><a href=\"https:\/\/www.niagarawater.com\/es\/terms-of-use\/\" class=\"button\">Read more...<\/a><\/span>","protected":false},"author":1,"featured_media":0,"parent":0,"menu_order":0,"comment_status":"closed","ping_status":"closed","template":"","meta":{"_monsterinsights_skip_tracking":false,"_monsterinsights_sitenote_active":false,"_monsterinsights_sitenote_note":"","_monsterinsights_sitenote_category":0},"_links":{"self":[{"href":"https:\/\/www.niagarawater.com\/es\/wp-json\/wp\/v2\/pages\/1714"}],"collection":[{"href":"https:\/\/www.niagarawater.com\/es\/wp-json\/wp\/v2\/pages"}],"about":[{"href":"https:\/\/www.niagarawater.com\/es\/wp-json\/wp\/v2\/types\/page"}],"author":[{"embeddable":true,"href":"https:\/\/www.niagarawater.com\/es\/wp-json\/wp\/v2\/users\/1"}],"replies":[{"embeddable":true,"href":"https:\/\/www.niagarawater.com\/es\/wp-json\/wp\/v2\/comments?post=1714"}],"version-history":[{"count":4,"href":"https:\/\/www.niagarawater.com\/es\/wp-json\/wp\/v2\/pages\/1714\/revisions"}],"predecessor-version":[{"id":2072,"href":"https:\/\/www.niagarawater.com\/es\/wp-json\/wp\/v2\/pages\/1714\/revisions\/2072"}],"wp:attachment":[{"href":"https:\/\/www.niagarawater.com\/es\/wp-json\/wp\/v2\/media?parent=1714"}],"curies":[{"name":"wp","href":"https:\/\/api.w.org\/{rel}","templated":true}]}}