{"id":1713,"date":"2015-09-15T01:26:00","date_gmt":"2015-09-15T01:26:00","guid":{"rendered":"http:\/\/www.niagarawater.com\/es\/sustainability\/optimized-transportation-routes\/"},"modified":"2016-04-07T22:51:11","modified_gmt":"2016-04-07T22:51:11","slug":"optimized-transportation-routes","status":"publish","type":"page","link":"https:\/\/www.niagarawater.com\/es\/sustainability\/optimized-transportation-routes\/","title":{"rendered":"Rutas Optimizadas de Transportaci\u00f3n"},"content":{"rendered":"","protected":false},"excerpt":{"rendered":"<p>La red nacional de producci\u00f3n de Niagara nos permite planear rutas eficientes de transportaci\u00f3n para llevar nuestra agua de nuestras plantas a nuestros clientes. En combinaci\u00f3n con nuestra\u00a0Certificaci\u00f3n SmartWay de la EPA, podemos optimizar nuestra flotilla de entrega y reducir el uso de combustible de transportaci\u00f3n para reducir a\u00fan m\u00e1s nuestra huella de carbono.<\/p>\n<span class=\"read-more\"><a href=\"https:\/\/www.niagarawater.com\/es\/sustainability\/optimized-transportation-routes\/\" class=\"button\">Read more...<\/a><\/span>","protected":false},"author":1,"featured_media":0,"parent":1710,"menu_order":0,"comment_status":"closed","ping_status":"closed","template":"","meta":{"_monsterinsights_skip_tracking":false,"_monsterinsights_sitenote_active":false,"_monsterinsights_sitenote_note":"","_monsterinsights_sitenote_category":0},"_links":{"self":[{"href":"https:\/\/www.niagarawater.com\/es\/wp-json\/wp\/v2\/pages\/1713"}],"collection":[{"href":"https:\/\/www.niagarawater.com\/es\/wp-json\/wp\/v2\/pages"}],"about":[{"href":"https:\/\/www.niagarawater.com\/es\/wp-json\/wp\/v2\/types\/page"}],"author":[{"embeddable":true,"href":"https:\/\/www.niagarawater.com\/es\/wp-json\/wp\/v2\/users\/1"}],"replies":[{"embeddable":true,"href":"https:\/\/www.niagarawater.com\/es\/wp-json\/wp\/v2\/comments?post=1713"}],"version-history":[{"count":4,"href":"https:\/\/www.niagarawater.com\/es\/wp-json\/wp\/v2\/pages\/1713\/revisions"}],"predecessor-version":[{"id":2066,"href":"https:\/\/www.niagarawater.com\/es\/wp-json\/wp\/v2\/pages\/1713\/revisions\/2066"}],"up":[{"embeddable":true,"href":"https:\/\/www.niagarawater.com\/es\/wp-json\/wp\/v2\/pages\/1710"}],"wp:attachment":[{"href":"https:\/\/www.niagarawater.com\/es\/wp-json\/wp\/v2\/media?parent=1713"}],"curies":[{"name":"wp","href":"https:\/\/api.w.org\/{rel}","templated":true}]}}