{"id":1711,"date":"2015-09-15T01:26:26","date_gmt":"2015-09-15T01:26:26","guid":{"rendered":"http:\/\/www.niagarawater.com\/es\/sustainability\/alternative-energy\/"},"modified":"2016-03-31T18:49:52","modified_gmt":"2016-03-31T18:49:52","slug":"alternative-energy","status":"publish","type":"page","link":"https:\/\/www.niagarawater.com\/es\/sustainability\/alternative-energy\/","title":{"rendered":"Energ\u00eda Alternativa"},"content":{"rendered":"","protected":false},"excerpt":{"rendered":"<p>Estamos comprometidos con el uso eficiente de las fuentes de energ\u00eda y continuamos explorando oportunidades para integrar el enfriamiento solar y geot\u00e9rmico en nuestras operaciones. Algunas de nuestras fuentes de energ\u00eda alternativa son:<\/p>\n<span class=\"read-more\"><a href=\"https:\/\/www.niagarawater.com\/es\/sustainability\/alternative-energy\/\" class=\"button\">Read more...<\/a><\/span>","protected":false},"author":1,"featured_media":0,"parent":1710,"menu_order":0,"comment_status":"closed","ping_status":"closed","template":"","meta":{"_monsterinsights_skip_tracking":false,"_monsterinsights_sitenote_active":false,"_monsterinsights_sitenote_note":"","_monsterinsights_sitenote_category":0},"_links":{"self":[{"href":"https:\/\/www.niagarawater.com\/es\/wp-json\/wp\/v2\/pages\/1711"}],"collection":[{"href":"https:\/\/www.niagarawater.com\/es\/wp-json\/wp\/v2\/pages"}],"about":[{"href":"https:\/\/www.niagarawater.com\/es\/wp-json\/wp\/v2\/types\/page"}],"author":[{"embeddable":true,"href":"https:\/\/www.niagarawater.com\/es\/wp-json\/wp\/v2\/users\/1"}],"replies":[{"embeddable":true,"href":"https:\/\/www.niagarawater.com\/es\/wp-json\/wp\/v2\/comments?post=1711"}],"version-history":[{"count":3,"href":"https:\/\/www.niagarawater.com\/es\/wp-json\/wp\/v2\/pages\/1711\/revisions"}],"predecessor-version":[{"id":2043,"href":"https:\/\/www.niagarawater.com\/es\/wp-json\/wp\/v2\/pages\/1711\/revisions\/2043"}],"up":[{"embeddable":true,"href":"https:\/\/www.niagarawater.com\/es\/wp-json\/wp\/v2\/pages\/1710"}],"wp:attachment":[{"href":"https:\/\/www.niagarawater.com\/es\/wp-json\/wp\/v2\/media?parent=1711"}],"curies":[{"name":"wp","href":"https:\/\/api.w.org\/{rel}","templated":true}]}}