{"id":1687,"date":"2015-08-29T02:32:13","date_gmt":"2015-08-29T02:32:13","guid":{"rendered":"http:\/\/www.niagarawater.com\/es\/beverage-offerings\/"},"modified":"2019-03-27T09:30:02","modified_gmt":"2019-03-27T16:30:02","slug":"beverage-offerings","status":"publish","type":"page","link":"https:\/\/www.niagarawater.com\/es\/beverage-offerings\/","title":{"rendered":"Oferta De Bebidas"},"content":{"rendered":"","protected":false},"excerpt":{"rendered":"<p>Negocio de propiedad y gesti\u00f3n familiar desde 1963, Niagara Bottling es un proveedor l\u00edder de agua embotellada en los EE. UU., proporcionando una sana y econ\u00f3mica hidrataci\u00f3n para toda la familia. Eso es refrescante.<\/p>\n<span class=\"read-more\"><a href=\"https:\/\/www.niagarawater.com\/es\/beverage-offerings\/\" class=\"button\">Read more...<\/a><\/span>","protected":false},"author":1,"featured_media":0,"parent":0,"menu_order":0,"comment_status":"closed","ping_status":"closed","template":"tpl.products.php","meta":{"_monsterinsights_skip_tracking":false,"_monsterinsights_sitenote_active":false,"_monsterinsights_sitenote_note":"","_monsterinsights_sitenote_category":0},"_links":{"self":[{"href":"https:\/\/www.niagarawater.com\/es\/wp-json\/wp\/v2\/pages\/1687"}],"collection":[{"href":"https:\/\/www.niagarawater.com\/es\/wp-json\/wp\/v2\/pages"}],"about":[{"href":"https:\/\/www.niagarawater.com\/es\/wp-json\/wp\/v2\/types\/page"}],"author":[{"embeddable":true,"href":"https:\/\/www.niagarawater.com\/es\/wp-json\/wp\/v2\/users\/1"}],"replies":[{"embeddable":true,"href":"https:\/\/www.niagarawater.com\/es\/wp-json\/wp\/v2\/comments?post=1687"}],"version-history":[{"count":3,"href":"https:\/\/www.niagarawater.com\/es\/wp-json\/wp\/v2\/pages\/1687\/revisions"}],"predecessor-version":[{"id":3375,"href":"https:\/\/www.niagarawater.com\/es\/wp-json\/wp\/v2\/pages\/1687\/revisions\/3375"}],"wp:attachment":[{"href":"https:\/\/www.niagarawater.com\/es\/wp-json\/wp\/v2\/media?parent=1687"}],"curies":[{"name":"wp","href":"https:\/\/api.w.org\/{rel}","templated":true}]}}