{"id":1686,"date":"2015-09-07T20:43:26","date_gmt":"2015-09-07T20:43:26","guid":{"rendered":"http:\/\/www.niagarawater.com\/es\/about-us\/keys-to-our-success\/"},"modified":"2016-04-12T16:26:11","modified_gmt":"2016-04-12T16:26:11","slug":"keys-to-our-success","status":"publish","type":"page","link":"https:\/\/www.niagarawater.com\/es\/about-us\/keys-to-our-success\/","title":{"rendered":"Factores Clave para el \u00c9xito"},"content":{"rendered":"","protected":false},"excerpt":{"rendered":"<p>Alta calidad, precios econ\u00f3micos y servicio excepcional. Como productora y proveedora de agua embotellada de la marca Niagara\u00ae y de marca propia para muchos de los minoristas l\u00edderes de la naci\u00f3n, Niagara cuenta con m\u00e1s de 50 a\u00f1os de experiencia ofreciendo a nuestros clientes calidad, precio y servicio inigualables.<\/p>\n<span class=\"read-more\"><a href=\"https:\/\/www.niagarawater.com\/es\/about-us\/keys-to-our-success\/\" class=\"button\">Read more...<\/a><\/span>","protected":false},"author":1,"featured_media":0,"parent":1683,"menu_order":0,"comment_status":"closed","ping_status":"closed","template":"","meta":{"_monsterinsights_skip_tracking":false,"_monsterinsights_sitenote_active":false,"_monsterinsights_sitenote_note":"","_monsterinsights_sitenote_category":0},"_links":{"self":[{"href":"https:\/\/www.niagarawater.com\/es\/wp-json\/wp\/v2\/pages\/1686"}],"collection":[{"href":"https:\/\/www.niagarawater.com\/es\/wp-json\/wp\/v2\/pages"}],"about":[{"href":"https:\/\/www.niagarawater.com\/es\/wp-json\/wp\/v2\/types\/page"}],"author":[{"embeddable":true,"href":"https:\/\/www.niagarawater.com\/es\/wp-json\/wp\/v2\/users\/1"}],"replies":[{"embeddable":true,"href":"https:\/\/www.niagarawater.com\/es\/wp-json\/wp\/v2\/comments?post=1686"}],"version-history":[{"count":4,"href":"https:\/\/www.niagarawater.com\/es\/wp-json\/wp\/v2\/pages\/1686\/revisions"}],"predecessor-version":[{"id":2083,"href":"https:\/\/www.niagarawater.com\/es\/wp-json\/wp\/v2\/pages\/1686\/revisions\/2083"}],"up":[{"embeddable":true,"href":"https:\/\/www.niagarawater.com\/es\/wp-json\/wp\/v2\/pages\/1683"}],"wp:attachment":[{"href":"https:\/\/www.niagarawater.com\/es\/wp-json\/wp\/v2\/media?parent=1686"}],"curies":[{"name":"wp","href":"https:\/\/api.w.org\/{rel}","templated":true}]}}