{"id":1685,"date":"2015-09-07T20:43:09","date_gmt":"2015-09-07T20:43:09","guid":{"rendered":"http:\/\/www.niagarawater.com\/es\/about-us\/history-of-niagara\/"},"modified":"2016-04-07T22:59:18","modified_gmt":"2016-04-07T22:59:18","slug":"history-of-niagara","status":"publish","type":"page","link":"https:\/\/www.niagarawater.com\/es\/about-us\/history-of-niagara\/","title":{"rendered":"Historia de Niagara"},"content":{"rendered":"","protected":false},"excerpt":{"rendered":"<p>Aunque la innovaci\u00f3n es la clave de nuestro \u00e9xito en Niagara, la tradici\u00f3n familiar de agua embotellada econ\u00f3mica y de alta calidad nunca cambiar\u00e1. Niagara contin\u00faa creciendo y es la embotelladora privada de agua l\u00edder en los Estados Unidos.<\/p>\n<span class=\"read-more\"><a href=\"https:\/\/www.niagarawater.com\/es\/about-us\/history-of-niagara\/\" class=\"button\">Read more...<\/a><\/span>","protected":false},"author":1,"featured_media":0,"parent":1683,"menu_order":0,"comment_status":"closed","ping_status":"closed","template":"","meta":{"_monsterinsights_skip_tracking":false,"_monsterinsights_sitenote_active":false,"_monsterinsights_sitenote_note":"","_monsterinsights_sitenote_category":0},"_links":{"self":[{"href":"https:\/\/www.niagarawater.com\/es\/wp-json\/wp\/v2\/pages\/1685"}],"collection":[{"href":"https:\/\/www.niagarawater.com\/es\/wp-json\/wp\/v2\/pages"}],"about":[{"href":"https:\/\/www.niagarawater.com\/es\/wp-json\/wp\/v2\/types\/page"}],"author":[{"embeddable":true,"href":"https:\/\/www.niagarawater.com\/es\/wp-json\/wp\/v2\/users\/1"}],"replies":[{"embeddable":true,"href":"https:\/\/www.niagarawater.com\/es\/wp-json\/wp\/v2\/comments?post=1685"}],"version-history":[{"count":3,"href":"https:\/\/www.niagarawater.com\/es\/wp-json\/wp\/v2\/pages\/1685\/revisions"}],"predecessor-version":[{"id":2075,"href":"https:\/\/www.niagarawater.com\/es\/wp-json\/wp\/v2\/pages\/1685\/revisions\/2075"}],"up":[{"embeddable":true,"href":"https:\/\/www.niagarawater.com\/es\/wp-json\/wp\/v2\/pages\/1683"}],"wp:attachment":[{"href":"https:\/\/www.niagarawater.com\/es\/wp-json\/wp\/v2\/media?parent=1685"}],"curies":[{"name":"wp","href":"https:\/\/api.w.org\/{rel}","templated":true}]}}