{"id":1684,"date":"2015-09-07T20:43:54","date_gmt":"2015-09-07T20:43:54","guid":{"rendered":"http:\/\/www.niagarawater.com\/es\/about-us\/awards-recognition\/"},"modified":"2016-04-07T22:58:21","modified_gmt":"2016-04-07T22:58:21","slug":"awards-recognition","status":"publish","type":"page","link":"https:\/\/www.niagarawater.com\/es\/about-us\/awards-recognition\/","title":{"rendered":"Premios y reconocimientos"},"content":{"rendered":"","protected":false},"excerpt":{"rendered":"<p>\u201cNo hay mejor respaldo que el reconocimiento formal por parte de nuestros clientes y de la industria a la que se da servicio. Eso hace del PLBuyer Category Colonels uno de los premios m\u00e1s buscados en la industria de las marcas propias\u201d (Private Label Buyer). \u00a1Por dos a\u00f1os consecutivos Niagara Bottling recibi\u00f3 de parte de sus clientes el premio Gold Category Colonel por Excelencia en Programas de colaboraci\u00f3n de marca propia en Agua embotellada!<\/p>\n<span class=\"read-more\"><a href=\"https:\/\/www.niagarawater.com\/es\/about-us\/awards-recognition\/\" class=\"button\">Read more...<\/a><\/span>","protected":false},"author":1,"featured_media":0,"parent":1683,"menu_order":0,"comment_status":"closed","ping_status":"closed","template":"","meta":{"_monsterinsights_skip_tracking":false,"_monsterinsights_sitenote_active":false,"_monsterinsights_sitenote_note":"","_monsterinsights_sitenote_category":0},"_links":{"self":[{"href":"https:\/\/www.niagarawater.com\/es\/wp-json\/wp\/v2\/pages\/1684"}],"collection":[{"href":"https:\/\/www.niagarawater.com\/es\/wp-json\/wp\/v2\/pages"}],"about":[{"href":"https:\/\/www.niagarawater.com\/es\/wp-json\/wp\/v2\/types\/page"}],"author":[{"embeddable":true,"href":"https:\/\/www.niagarawater.com\/es\/wp-json\/wp\/v2\/users\/1"}],"replies":[{"embeddable":true,"href":"https:\/\/www.niagarawater.com\/es\/wp-json\/wp\/v2\/comments?post=1684"}],"version-history":[{"count":4,"href":"https:\/\/www.niagarawater.com\/es\/wp-json\/wp\/v2\/pages\/1684\/revisions"}],"predecessor-version":[{"id":2073,"href":"https:\/\/www.niagarawater.com\/es\/wp-json\/wp\/v2\/pages\/1684\/revisions\/2073"}],"up":[{"embeddable":true,"href":"https:\/\/www.niagarawater.com\/es\/wp-json\/wp\/v2\/pages\/1683"}],"wp:attachment":[{"href":"https:\/\/www.niagarawater.com\/es\/wp-json\/wp\/v2\/media?parent=1684"}],"curies":[{"name":"wp","href":"https:\/\/api.w.org\/{rel}","templated":true}]}}